{"id":93,"date":"2026-04-25T05:57:57","date_gmt":"2026-04-25T05:57:57","guid":{"rendered":"https:\/\/testpage90.ee\/?page_id=93"},"modified":"2026-05-08T09:02:18","modified_gmt":"2026-05-08T09:02:18","slug":"tood","status":"publish","type":"page","link":"https:\/\/testpage90.ee\/?page_id=93","title":{"rendered":"Tehtud t\u00f6\u00f6d"},"content":{"rendered":"\t\t<div data-elementor-type=\"wp-page\" data-elementor-id=\"93\" class=\"elementor elementor-93\">\n\t\t\t\t<div class=\"elementor-element elementor-element-954b2dd e-flex e-con-boxed e-con e-parent\" data-id=\"954b2dd\" data-element_type=\"container\" data-e-type=\"container\">\n\t\t\t\t\t<div class=\"e-con-inner\">\n\t\t\t\t<div class=\"elementor-element elementor-element-703079b elementor-widget elementor-widget-rkit_image_accordion\" data-id=\"703079b\" data-element_type=\"widget\" data-e-type=\"widget\" data-widget_type=\"rkit_image_accordion.default\">\n\t\t\t\t<div class=\"elementor-widget-container\">\n\t\t\t\t\t\n        <div class=\"container-image-accordion\">\n            <div class=\"gallery-wrap\" data-animate=\"animate__zoomIn\">\n                                                        <div class=\"item-ia-hover active 1\"\n                        style=\"background-image:url(https:\/\/testpage90.ee\/wp-content\/uploads\/2026\/04\/671284189_971009545790016_8945976381747944069_n.jpg)\">\n                                                <div class=\"item-text\">\n                            <div class=\"background-item-text\"><\/div>\n\n                            <h4 class=\"text-title-ia animate__animated\">\n                                Lasteaed Tules\u00e4de                            <\/h4>\n                            <span class=\"text-description animate__animated\">\n                                Tehtud t\u00f6\u00f6d: v\u00e4ljakaeve, aluspindade ehitus, platside ehitus, t\u00e4navakivide paigaldus, haljastus                            <\/span>\n\n                                                    <\/div>\n                    <\/div>\n                                                        <div class=\"item-ia-hover  2\"\n                        style=\"background-image:url(https:\/\/testpage90.ee\/wp-content\/uploads\/2026\/04\/671277713_971010625789908_4495153352624442786_n.jpg)\">\n                                                <div class=\"item-text\">\n                            <div class=\"background-item-text\"><\/div>\n\n                            <h4 class=\"text-title-ia animate__animated\">\n                                                            <\/h4>\n                            <span class=\"text-description animate__animated\">\n                                                            <\/span>\n\n                                                    <\/div>\n                    <\/div>\n                                                        <div class=\"item-ia-hover  3\"\n                        style=\"background-image:url(https:\/\/testpage90.ee\/wp-content\/uploads\/2026\/04\/671236615_971010569123247_7874764765507153377_n.jpg)\">\n                                                <div class=\"item-text\">\n                            <div class=\"background-item-text\"><\/div>\n\n                            <h4 class=\"text-title-ia animate__animated\">\n                                                            <\/h4>\n                            <span class=\"text-description animate__animated\">\n                                                            <\/span>\n\n                                                    <\/div>\n                    <\/div>\n                                                        <div class=\"item-ia-hover  4\"\n                        style=\"background-image:url(https:\/\/testpage90.ee\/wp-content\/uploads\/2026\/04\/669645231_971010612456576_7315472371175091051_n.jpg)\">\n                                                <div class=\"item-text\">\n                            <div class=\"background-item-text\"><\/div>\n\n                            <h4 class=\"text-title-ia animate__animated\">\n                                                            <\/h4>\n                            <span class=\"text-description animate__animated\">\n                                                            <\/span>\n\n                                                    <\/div>\n                    <\/div>\n                            <\/div>\n\n        <\/div>\n\n\n\n        \t\t\t\t<\/div>\n\t\t\t\t<\/div>\n\t\t\t\t\t<\/div>\n\t\t\t\t<\/div>\n\t\t\t\t<\/div>\n\t\t","protected":false},"excerpt":{"rendered":"<p>Lasteaed Tules\u00e4de Tehtud t\u00f6\u00f6d: v\u00e4ljakaeve, aluspindade ehitus, platside ehitus, t\u00e4navakivide paigaldus, haljastus<\/p>\n","protected":false},"author":1,"featured_media":0,"parent":0,"menu_order":0,"comment_status":"closed","ping_status":"closed","template":"","meta":{"site-sidebar-layout":"default","site-content-layout":"","ast-site-content-layout":"default","site-content-style":"default","site-sidebar-style":"default","ast-global-header-display":"","ast-banner-title-visibility":"","ast-main-header-display":"","ast-hfb-above-header-display":"","ast-hfb-below-header-display":"","ast-hfb-mobile-header-display":"","site-post-title":"disabled","ast-breadcrumbs-content":"","ast-featured-img":"","footer-sml-layout":"","ast-disable-related-posts":"","theme-transparent-header-meta":"","adv-header-id-meta":"","stick-header-meta":"","header-above-stick-meta":"","header-main-stick-meta":"","header-below-stick-meta":"","astra-migrate-meta-layouts":"default","ast-page-background-enabled":"default","ast-page-background-meta":{"desktop":{"background-color":"var(--ast-global-color-5)","background-image":"","background-repeat":"repeat","background-position":"center center","background-size":"auto","background-attachment":"scroll","background-type":"","background-media":"","overlay-type":"","overlay-color":"","overlay-opacity":"","overlay-gradient":""},"tablet":{"background-color":"","background-image":"","background-repeat":"repeat","background-position":"center center","background-size":"auto","background-attachment":"scroll","background-type":"","background-media":"","overlay-type":"","overlay-color":"","overlay-opacity":"","overlay-gradient":""},"mobile":{"background-color":"","background-image":"","background-repeat":"repeat","background-position":"center center","background-size":"auto","background-attachment":"scroll","background-type":"","background-media":"","overlay-type":"","overlay-color":"","overlay-opacity":"","overlay-gradient":""}},"ast-content-background-meta":{"desktop":{"background-color":"var(--ast-global-color-4)","background-image":"","background-repeat":"repeat","background-position":"center center","background-size":"auto","background-attachment":"scroll","background-type":"","background-media":"","overlay-type":"","overlay-color":"","overlay-opacity":"","overlay-gradient":""},"tablet":{"background-color":"var(--ast-global-color-4)","background-image":"","background-repeat":"repeat","background-position":"center center","background-size":"auto","background-attachment":"scroll","background-type":"","background-media":"","overlay-type":"","overlay-color":"","overlay-opacity":"","overlay-gradient":""},"mobile":{"background-color":"var(--ast-global-color-4)","background-image":"","background-repeat":"repeat","background-position":"center center","background-size":"auto","background-attachment":"scroll","background-type":"","background-media":"","overlay-type":"","overlay-color":"","overlay-opacity":"","overlay-gradient":""}},"footnotes":""},"class_list":["post-93","page","type-page","status-publish","hentry"],"_links":{"self":[{"href":"https:\/\/testpage90.ee\/index.php?rest_route=\/wp\/v2\/pages\/93","targetHints":{"allow":["GET"]}}],"collection":[{"href":"https:\/\/testpage90.ee\/index.php?rest_route=\/wp\/v2\/pages"}],"about":[{"href":"https:\/\/testpage90.ee\/index.php?rest_route=\/wp\/v2\/types\/page"}],"author":[{"embeddable":true,"href":"https:\/\/testpage90.ee\/index.php?rest_route=\/wp\/v2\/users\/1"}],"replies":[{"embeddable":true,"href":"https:\/\/testpage90.ee\/index.php?rest_route=%2Fwp%2Fv2%2Fcomments&post=93"}],"version-history":[{"count":18,"href":"https:\/\/testpage90.ee\/index.php?rest_route=\/wp\/v2\/pages\/93\/revisions"}],"predecessor-version":[{"id":685,"href":"https:\/\/testpage90.ee\/index.php?rest_route=\/wp\/v2\/pages\/93\/revisions\/685"}],"wp:attachment":[{"href":"https:\/\/testpage90.ee\/index.php?rest_route=%2Fwp%2Fv2%2Fmedia&parent=93"}],"curies":[{"name":"wp","href":"https:\/\/api.w.org\/{rel}","templated":true}]}}